{"id":83,"date":"2023-01-14T11:54:00","date_gmt":"2023-01-14T10:54:00","guid":{"rendered":"https:\/\/plmedia.pl\/?page_id=83"},"modified":"2023-02-07T10:59:28","modified_gmt":"2023-02-07T09:59:28","slug":"ama-film-production","status":"publish","type":"page","link":"https:\/\/plmedia.pl\/index.php\/ama-film-production\/","title":{"rendered":"AMA FILM PRODUCTION"},"content":{"rendered":"\n<p class=\"has-black-color has-text-color has-background\" style=\"background-color:#acacac\">Positive Look Media, pod poprzedni\u0105 nazw\u0105 firmy 8 1\/2 media wyprodukowa\u0142a od 1999 roku wiele film\u00f3w kr\u00f3tkometra\u017cowych, etiud szkolnych, film\u00f3w dokumentalnych i fabularnych. 8 1\/2 media by\u0142a te\u017c agentem w Polsce i na \u015bwiecie operatora filmowego DOP Piotra Lenara, kt\u00f3ry tak\u017ce jako producent filmowy dzia\u0142a na rynku od 1989 roku.<\/p>\n\n\n\n<p class=\"has-text-color has-background\" style=\"color:#fdfdfd;background-color:#717171\">Obecnie AMA FILM PRODUCTION produkuje filmy i produkty kudiowualne poprzez AMA Film Center w Krakowie.<\/p>\n\n\n\n<p class=\"has-black-color has-text-color has-background\" style=\"background-color:#00a9f2\">Centrum Filmowe AMA mie\u015bci si\u0119 przy ul. Lipowej 7 w Krakowie i posiada w\u0142asn\u0105 stron\u0119 internetow\u0105: <a href=\"https:\/\/filmowykrakow.pl\">www.filmowykrakow.pl<\/a> <\/p>\n\n\n\n<p class=\"has-black-color has-text-color has-background\" style=\"background-color:#00a9f2\">W zakresie edukacji filmowej prowadzimy blog: <a href=\"https:\/\/e-learning.amafilmacademy.pl\">www.e-learning.amafilmacademy.pl<\/a><\/p>\n\n\n<div class=\"wp-block-image\">\n<figure class=\"aligncenter size-large is-resized\"><img loading=\"lazy\" decoding=\"async\" src=\"http:\/\/plmedia.pl\/wp-content\/uploads\/2023\/02\/AMA_Production_OnBG_RGB-1024x724.png\" alt=\"\" class=\"wp-image-135\" width=\"491\" height=\"347\" srcset=\"https:\/\/plmedia.pl\/wp-content\/uploads\/2023\/02\/AMA_Production_OnBG_RGB-1024x724.png 1024w, https:\/\/plmedia.pl\/wp-content\/uploads\/2023\/02\/AMA_Production_OnBG_RGB-300x212.png 300w, https:\/\/plmedia.pl\/wp-content\/uploads\/2023\/02\/AMA_Production_OnBG_RGB-768x543.png 768w, https:\/\/plmedia.pl\/wp-content\/uploads\/2023\/02\/AMA_Production_OnBG_RGB-1536x1086.png 1536w, https:\/\/plmedia.pl\/wp-content\/uploads\/2023\/02\/AMA_Production_OnBG_RGB-2048x1448.png 2048w\" sizes=\"auto, (max-width: 491px) 100vw, 491px\" \/><\/figure>\n<\/div>","protected":false},"excerpt":{"rendered":"<p>Positive Look Media, pod poprzedni\u0105 nazw\u0105 firmy 8 1\/2 media wyprodukowa\u0142a od 1999 roku wiele film\u00f3w kr\u00f3tkometra\u017cowych, etiud szkolnych, film\u00f3w [&hellip;]<\/p>\n","protected":false},"author":1,"featured_media":0,"parent":0,"menu_order":0,"comment_status":"closed","ping_status":"closed","template":"","meta":{"footnotes":""},"class_list":["post-83","page","type-page","status-publish","hentry"],"_links":{"self":[{"href":"https:\/\/plmedia.pl\/index.php\/wp-json\/wp\/v2\/pages\/83","targetHints":{"allow":["GET"]}}],"collection":[{"href":"https:\/\/plmedia.pl\/index.php\/wp-json\/wp\/v2\/pages"}],"about":[{"href":"https:\/\/plmedia.pl\/index.php\/wp-json\/wp\/v2\/types\/page"}],"author":[{"embeddable":true,"href":"https:\/\/plmedia.pl\/index.php\/wp-json\/wp\/v2\/users\/1"}],"replies":[{"embeddable":true,"href":"https:\/\/plmedia.pl\/index.php\/wp-json\/wp\/v2\/comments?post=83"}],"version-history":[{"count":4,"href":"https:\/\/plmedia.pl\/index.php\/wp-json\/wp\/v2\/pages\/83\/revisions"}],"predecessor-version":[{"id":141,"href":"https:\/\/plmedia.pl\/index.php\/wp-json\/wp\/v2\/pages\/83\/revisions\/141"}],"wp:attachment":[{"href":"https:\/\/plmedia.pl\/index.php\/wp-json\/wp\/v2\/media?parent=83"}],"curies":[{"name":"wp","href":"https:\/\/api.w.org\/{rel}","templated":true}]}}