{"id":13,"date":"2023-01-14T10:05:32","date_gmt":"2023-01-14T09:05:32","guid":{"rendered":"http:\/\/plmedia.pl\/?page_id=13"},"modified":"2023-01-14T13:00:57","modified_gmt":"2023-01-14T12:00:57","slug":"ama","status":"publish","type":"page","link":"https:\/\/plmedia.pl\/index.php\/ama\/","title":{"rendered":"AMA FILM ACADEMY"},"content":{"rendered":"\n<p class=\"has-black-color has-text-color has-background\" style=\"background-color:#f9f9f9\"><a href=\"https:\/\/amafilmacademy.pl\/#\" data-type=\"URL\" data-id=\"https:\/\/amafilmacademy.pl\/#\"><strong>AMA FILM A<\/strong><\/a><a href=\"https:\/\/amafilmacademy.pl\/#\"><strong>CADEMY<\/strong><\/a> jest szko\u0142\u0105 filmow\u0105 umo\u017cliwiaj\u0105c\u0105 nabycie kompetencji we wszystkich dziedzinach przemys\u0142u filmowego. Zosta\u0142a stworzona przez do\u015bwiadczonych filmowc\u00f3w. Motto Szko\u0142y to powo\u0142anie i zaw\u00f3d, zrozumienie celu i zdobycie praktycznych umiej\u0119tno\u015bci. Nauka odbywa si\u0119 w nowoczesnych warunkach, z wykorzystaniem technologii przysz\u0142o\u015bci. Program nauczania ewoluuje wraz z pojawianiem si\u0119 nowych trend\u00f3w w kinematografii oraz rozwojem technologii filmowych.<\/p>\n\n\n\n<p class=\"has-black-color has-text-color has-background\" style=\"background-color:#e3e3e3\">Za\u0142o\u017cycielem szko\u0142y jest<strong> <a href=\"https:\/\/www.imdb.com\/name\/nm0501689\/\">Piotr Lenar<\/a> <\/strong>\u2013 autor zdj\u0119\u0107 filmowych o bogatym dorobku artystycznym, na kt\u00f3ry sk\u0142adaj\u0105 si\u0119 produkcje krajowe i zagraniczne, a tak\u017ce wyk\u0142adowca szk\u00f3\u0142 filmowych z wieloletnim do\u015bwiadczeniem. Zaj\u0119cia w AMA FILM ACADEMY prowadz\u0105 uznani i aktywni zawodowo tw\u00f3rcy filmowi oraz do\u015bwiadczeni wyk\u0142adowcy akademiccy. Sta\u0142a kadra Szko\u0142y to zesp\u00f3\u0142 kilkudziesi\u0119ciu os\u00f3b zwi\u0105zanych bezpo\u015brednio z bran\u017c\u0105 audiowizualn\u0105.<\/p>\n\n\n<div class=\"wp-block-image is-style-default\">\n<figure class=\"aligncenter size-full\"><a href=\"https:\/\/amafilmacademy.pl\/\"><img loading=\"lazy\" decoding=\"async\" width=\"560\" height=\"320\" src=\"http:\/\/plmedia.pl\/wp-content\/uploads\/2023\/01\/ama-.png\" alt=\"\" class=\"wp-image-119\" srcset=\"https:\/\/plmedia.pl\/wp-content\/uploads\/2023\/01\/ama-.png 560w, https:\/\/plmedia.pl\/wp-content\/uploads\/2023\/01\/ama--300x171.png 300w\" sizes=\"auto, (max-width: 560px) 100vw, 560px\" \/><\/a><\/figure>\n<\/div>","protected":false},"excerpt":{"rendered":"<p>AMA FILM ACADEMY jest szko\u0142\u0105 filmow\u0105 umo\u017cliwiaj\u0105c\u0105 nabycie kompetencji we wszystkich dziedzinach przemys\u0142u filmowego. Zosta\u0142a stworzona przez do\u015bwiadczonych filmowc\u00f3w. Motto [&hellip;]<\/p>\n","protected":false},"author":1,"featured_media":0,"parent":0,"menu_order":0,"comment_status":"closed","ping_status":"closed","template":"","meta":{"footnotes":""},"class_list":["post-13","page","type-page","status-publish","hentry"],"_links":{"self":[{"href":"https:\/\/plmedia.pl\/index.php\/wp-json\/wp\/v2\/pages\/13","targetHints":{"allow":["GET"]}}],"collection":[{"href":"https:\/\/plmedia.pl\/index.php\/wp-json\/wp\/v2\/pages"}],"about":[{"href":"https:\/\/plmedia.pl\/index.php\/wp-json\/wp\/v2\/types\/page"}],"author":[{"embeddable":true,"href":"https:\/\/plmedia.pl\/index.php\/wp-json\/wp\/v2\/users\/1"}],"replies":[{"embeddable":true,"href":"https:\/\/plmedia.pl\/index.php\/wp-json\/wp\/v2\/comments?post=13"}],"version-history":[{"count":10,"href":"https:\/\/plmedia.pl\/index.php\/wp-json\/wp\/v2\/pages\/13\/revisions"}],"predecessor-version":[{"id":124,"href":"https:\/\/plmedia.pl\/index.php\/wp-json\/wp\/v2\/pages\/13\/revisions\/124"}],"wp:attachment":[{"href":"https:\/\/plmedia.pl\/index.php\/wp-json\/wp\/v2\/media?parent=13"}],"curies":[{"name":"wp","href":"https:\/\/api.w.org\/{rel}","templated":true}]}}